{"id":88,"date":"2023-01-04T14:07:17","date_gmt":"2023-01-04T14:07:17","guid":{"rendered":"https:\/\/elisabetcarrera.com\/?page_id=88"},"modified":"2023-03-15T17:38:38","modified_gmt":"2023-03-15T17:38:38","slug":"herramientas","status":"publish","type":"page","link":"https:\/\/elisabetcarrera.com\/index.php\/herramientas\/","title":{"rendered":"Herramientas"},"content":{"rendered":"<div id='full_slider_1'  class='avia-fullwidth-slider main_color avia-shadow   avia-builder-el-0  el_before_av_icongrid  avia-builder-el-first   container_wrap sidebar_right'  ><div  class='avia-slideshow av-lchmfmhf-2ac20ba0fb76a59fe20a377a0b5ea8ff avia-slideshow-featured av_slideshow_full avia-slide-slider av-slideshow-ui av-control-default av-slideshow-manual av-loop-once av-loop-manual-endless av-default-height-applied   avia-slideshow-1' data-slideshow-options=\"{&quot;animation&quot;:&quot;slide&quot;,&quot;autoplay&quot;:false,&quot;loop_autoplay&quot;:&quot;once&quot;,&quot;interval&quot;:5,&quot;loop_manual&quot;:&quot;manual-endless&quot;,&quot;autoplay_stopper&quot;:false,&quot;noNavigation&quot;:false,&quot;bg_slider&quot;:false,&quot;keep_padding&quot;:false,&quot;hoverpause&quot;:false,&quot;show_slide_delay&quot;:0}\"  itemprop=\"image\" itemscope=\"itemscope\" itemtype=\"https:\/\/schema.org\/ImageObject\" ><ul class='avia-slideshow-inner ' style='padding-bottom: 28.666666666667%;'><li  class='avia-slideshow-slide av-lchmfmhf-2ac20ba0fb76a59fe20a377a0b5ea8ff__0  av-single-slide slide-1 slide-odd'><div data-rel='slideshow-1' class='avia-slide-wrap '   ><div class='av-slideshow-caption av-lchmfmhf-2ac20ba0fb76a59fe20a377a0b5ea8ff__0 caption_fullwidth caption_left caption_left_framed caption_framed'><div class=\"container caption_container\"><div class=\"slideshow_caption\"><div class=\"slideshow_inner_caption\"><div class=\"slideshow_align_caption\"><h2 class='avia-caption-title '  itemprop=\"name\" >HERRAMIENTAS<\/h2><\/div><\/div><\/div><\/div><\/div><img decoding=\"async\" class=\"wp-image-89 avia-img-lazy-loading-not-89\"  src=\"https:\/\/elisabetcarrera.com\/wp-content\/uploads\/2023\/01\/cuentas-consignacion-1500x430.jpg\" width=\"1500\" height=\"430\" title='Double,Exposure,Of,City,,Graph,And,Rows,Of,Coins,For' alt=''  itemprop=\"thumbnailUrl\"   \/><\/div><\/li><\/ul><\/div><\/div><div id='after_full_slider_1'  class='main_color av_default_container_wrap container_wrap sidebar_right'  ><div class='container av-section-cont-open' ><div class='template-page content  av-content-small alpha units'><div class='post-entry post-entry-type-page post-entry-88'><div class='entry-content-wrapper clearfix'>\n\n<style type=\"text\/css\" data-created_by=\"avia_inline_auto\" id=\"style-css-av-lchrl22o-6dfc1bd90544c367203e57b070b475bd\">\n.avia-icon-grid-container.av-lchrl22o-6dfc1bd90544c367203e57b070b475bd .avia-icongrid{\njustify-content:space-between;\n}\n<\/style>\n<div  class='avia-icon-grid-container av-lchrl22o-6dfc1bd90544c367203e57b070b475bd  avia-builder-el-1  el_after_av_slideshow_full  avia-builder-el-no-sibling ' ><ul id='avia-icongrid-69f302aa0756f' class='avia-icongrid clearfix avia_animate_when_almost_visible avia-icongrid-tooltip avia-icongrid-numrow-4 avia-cell-space-between av-flex-cells av-break-767 av-can-break-50'>\n<li class='av-icon-cell-item av-row-with-4-cells av-row-nr-1 av-cell-1 av-first-cell-row av-first-cell-item'><a href='https:\/\/www.mjusticia.gob.es\/es\/ciudadania\/tramites\/gestiones-personales\/cuentas-depositos' title='C\u00c1LCULO DE CUENTA JUDICIAL' target=\"_blank\" rel=\"noopener noreferrer\" class='avia-icongrid-wrapper av-lchrcp7j-629f5bdfe2d6dfde8d296436304445fb'><article class='article-icon-entry '  itemscope=\"itemscope\" itemtype=\"https:\/\/schema.org\/CreativeWork\" ><div class='avia-icongrid-front '><div class=\"avia-icongrid-inner\"><div class='avia-icongrid-icon avia-font-entypo-fontello'><span class='icongrid-char' aria-hidden='true' data-av_icon='\ue8e6' data-av_iconfont='entypo-fontello'><\/span><\/div><header class=\"entry-content-header\"><h4 class='av_icongrid_title icongrid_title '  itemprop=\"headline\" >C\u00c1LCULO DE CUENTA JUDICIAL<\/h4><h6 class='av_icongrid_subtitle icongrid_subtitle' ><p>Calculo del numero de cuenta del Juzgado, personalizado para cada procedimiento. Tel\u00e9fonos y datos de todos los Juzgados de Espa\u00f1a.<\/p>\n<\/h6><\/header><\/div><\/div><div class='avia-icongrid-content' data-class-flipback=''><div class=\"avia-icongrid-inner\"><div class='avia-icongrid-text'  itemprop=\"text\" ><h3>CALCULAR<\/h3>\n<\/div><\/div><\/div><\/article><\/a><\/li>\n<li class='av-icon-cell-item av-row-with-4-cells av-row-nr-1 av-cell-2 av-first-cell-row av-inner-cell-item'><a href='https:\/\/sedejudicial.justicia.es\/-\/cuentas-de-dep-c3-b3sitos-y-consignaciones-judiciales' title='C\u00d3MO HACER UNA CONSIGNACI\u00d3N JUDICIAL' target=\"_blank\" rel=\"noopener noreferrer\" class='avia-icongrid-wrapper av-lchre915-43a46ea8949c9a1a82e99ac04bf30f75'><article class='article-icon-entry '  itemscope=\"itemscope\" itemtype=\"https:\/\/schema.org\/CreativeWork\" ><div class='avia-icongrid-front '><div class=\"avia-icongrid-inner\"><div class='avia-icongrid-icon avia-font-entypo-fontello'><span class='icongrid-char' aria-hidden='true' data-av_icon='\ue81d' data-av_iconfont='entypo-fontello'><\/span><\/div><header class=\"entry-content-header\"><h4 class='av_icongrid_title icongrid_title '  itemprop=\"headline\" >C\u00d3MO HACER UNA CONSIGNACI\u00d3N JUDICIAL<\/h4><h6 class='av_icongrid_subtitle icongrid_subtitle' ><p>Como hacer una consignaci\u00f3n en la cuenta del Juzgado<\/p>\n<\/h6><\/header><\/div><\/div><div class='avia-icongrid-content' data-class-flipback=''><div class=\"avia-icongrid-inner\"><div class='avia-icongrid-text'  itemprop=\"text\" ><h3>VER<\/h3>\n<\/div><\/div><\/div><\/article><\/a><\/li>\n<li class='av-icon-cell-item av-row-with-4-cells av-row-nr-1 av-cell-3 av-first-cell-row av-inner-cell-item'><a href='https:\/\/sede.agenciatributaria.gob.es\/Sede\/procedimientoini\/GC07.shtml' title='TASAS Y DEP\u00d3SITOS' target=\"_blank\" rel=\"noopener noreferrer\" class='avia-icongrid-wrapper av-lchre915-2-23043954225b7e09a381da09c536e3ed'><article class='article-icon-entry '  itemscope=\"itemscope\" itemtype=\"https:\/\/schema.org\/CreativeWork\" ><div class='avia-icongrid-front '><div class=\"avia-icongrid-inner\"><div class='avia-icongrid-icon avia-font-entypo-fontello'><span class='icongrid-char' aria-hidden='true' data-av_icon='\ue8d3' data-av_iconfont='entypo-fontello'><\/span><\/div><header class=\"entry-content-header\"><h4 class='av_icongrid_title icongrid_title '  itemprop=\"headline\" >TASAS Y DEP\u00d3SITOS<\/h4><h6 class='av_icongrid_subtitle icongrid_subtitle' ><p>Calculo de las tasas judiciales estatales (696) y de las auton\u00f3micas en Catalunya. Actualizado a 2013.<\/p>\n<\/h6><\/header><\/div><\/div><div class='avia-icongrid-content' data-class-flipback=''><div class=\"avia-icongrid-inner\"><div class='avia-icongrid-text'  itemprop=\"text\" ><h3>CALCULAR<\/h3>\n<\/div><\/div><\/div><\/article><\/a><\/li>\n<li class='av-icon-cell-item av-row-with-4-cells av-row-nr-1 av-cell-4 av-first-cell-row av-last-cell-item'><a href='https:\/\/sedejudicial.justicia.es\/-\/apoderamiento-apud-acta' title='APUD ACTA ELECTR\u00d3NICA' target=\"_blank\" rel=\"noopener noreferrer\" class='avia-icongrid-wrapper av-lchre915-1-2c981105474379b2fdeb507ce0245157'><article class='article-icon-entry '  itemscope=\"itemscope\" itemtype=\"https:\/\/schema.org\/CreativeWork\" ><div class='avia-icongrid-front '><div class=\"avia-icongrid-inner\"><div class='avia-icongrid-icon avia-font-entypo-fontello'><span class='icongrid-char' aria-hidden='true' data-av_icon='\ue84d' data-av_iconfont='entypo-fontello'><\/span><\/div><header class=\"entry-content-header\"><h4 class='av_icongrid_title icongrid_title '  itemprop=\"headline\" >APUD ACTA ELECTR\u00d3NICA<\/h4><h6 class='av_icongrid_subtitle icongrid_subtitle' ><p>Gu\u00eda para consultar apoderamientos Apud Acta los 365 d\u00edas del a\u00f1o, las 24 horas a trav\u00e9s de la Sede Judicial Electr\u00f3nica.<\/p>\n<\/h6><\/header><\/div><\/div><div class='avia-icongrid-content' data-class-flipback=''><div class=\"avia-icongrid-inner\"><div class='avia-icongrid-text'  itemprop=\"text\" ><h3>VER<\/h3>\n<\/div><\/div><\/div><\/article><\/a><\/li>\n<\/ul><\/div>\n","protected":false},"excerpt":{"rendered":"","protected":false},"author":1,"featured_media":0,"parent":0,"menu_order":0,"comment_status":"closed","ping_status":"closed","template":"","meta":{"footnotes":""},"class_list":["post-88","page","type-page","status-publish","hentry"],"yoast_head":"<!-- This site is optimized with the Yoast SEO plugin v27.5 - https:\/\/yoast.com\/product\/yoast-seo-wordpress\/ -->\n<title>Herramientas - Elisabet Carrera<\/title>\n<meta name=\"robots\" content=\"index, follow, max-snippet:-1, max-image-preview:large, max-video-preview:-1\" \/>\n<link rel=\"canonical\" href=\"https:\/\/elisabetcarrera.com\/index.php\/herramientas\/\" \/>\n<meta property=\"og:locale\" content=\"es_ES\" \/>\n<meta property=\"og:type\" content=\"article\" \/>\n<meta property=\"og:title\" content=\"Herramientas - Elisabet Carrera\" \/>\n<meta property=\"og:url\" content=\"https:\/\/elisabetcarrera.com\/index.php\/herramientas\/\" \/>\n<meta property=\"og:site_name\" content=\"Elisabet Carrera\" \/>\n<meta property=\"article:modified_time\" content=\"2023-03-15T17:38:38+00:00\" \/>\n<meta name=\"twitter:card\" content=\"summary_large_image\" \/>\n<meta name=\"twitter:label1\" content=\"Tiempo de lectura\" \/>\n\t<meta name=\"twitter:data1\" content=\"3 minutos\" \/>\n<script type=\"application\/ld+json\" class=\"yoast-schema-graph\">{\"@context\":\"https:\\\/\\\/schema.org\",\"@graph\":[{\"@type\":\"WebPage\",\"@id\":\"https:\\\/\\\/elisabetcarrera.com\\\/index.php\\\/herramientas\\\/\",\"url\":\"https:\\\/\\\/elisabetcarrera.com\\\/index.php\\\/herramientas\\\/\",\"name\":\"Herramientas - Elisabet Carrera\",\"isPartOf\":{\"@id\":\"https:\\\/\\\/elisabetcarrera.com\\\/#website\"},\"datePublished\":\"2023-01-04T14:07:17+00:00\",\"dateModified\":\"2023-03-15T17:38:38+00:00\",\"breadcrumb\":{\"@id\":\"https:\\\/\\\/elisabetcarrera.com\\\/index.php\\\/herramientas\\\/#breadcrumb\"},\"inLanguage\":\"es\",\"potentialAction\":[{\"@type\":\"ReadAction\",\"target\":[\"https:\\\/\\\/elisabetcarrera.com\\\/index.php\\\/herramientas\\\/\"]}]},{\"@type\":\"BreadcrumbList\",\"@id\":\"https:\\\/\\\/elisabetcarrera.com\\\/index.php\\\/herramientas\\\/#breadcrumb\",\"itemListElement\":[{\"@type\":\"ListItem\",\"position\":1,\"name\":\"Portada\",\"item\":\"https:\\\/\\\/elisabetcarrera.com\\\/index.php\\\/elisabet-carrera-procuradora\\\/\"},{\"@type\":\"ListItem\",\"position\":2,\"name\":\"Herramientas\"}]},{\"@type\":\"WebSite\",\"@id\":\"https:\\\/\\\/elisabetcarrera.com\\\/#website\",\"url\":\"https:\\\/\\\/elisabetcarrera.com\\\/\",\"name\":\"Elisabet Carrera\",\"description\":\"Just another WordPress site\",\"potentialAction\":[{\"@type\":\"SearchAction\",\"target\":{\"@type\":\"EntryPoint\",\"urlTemplate\":\"https:\\\/\\\/elisabetcarrera.com\\\/?s={search_term_string}\"},\"query-input\":{\"@type\":\"PropertyValueSpecification\",\"valueRequired\":true,\"valueName\":\"search_term_string\"}}],\"inLanguage\":\"es\"}]}<\/script>\n<!-- \/ Yoast SEO plugin. -->","yoast_head_json":{"title":"Herramientas - Elisabet Carrera","robots":{"index":"index","follow":"follow","max-snippet":"max-snippet:-1","max-image-preview":"max-image-preview:large","max-video-preview":"max-video-preview:-1"},"canonical":"https:\/\/elisabetcarrera.com\/index.php\/herramientas\/","og_locale":"es_ES","og_type":"article","og_title":"Herramientas - Elisabet Carrera","og_url":"https:\/\/elisabetcarrera.com\/index.php\/herramientas\/","og_site_name":"Elisabet Carrera","article_modified_time":"2023-03-15T17:38:38+00:00","twitter_card":"summary_large_image","twitter_misc":{"Tiempo de lectura":"3 minutos"},"schema":{"@context":"https:\/\/schema.org","@graph":[{"@type":"WebPage","@id":"https:\/\/elisabetcarrera.com\/index.php\/herramientas\/","url":"https:\/\/elisabetcarrera.com\/index.php\/herramientas\/","name":"Herramientas - Elisabet Carrera","isPartOf":{"@id":"https:\/\/elisabetcarrera.com\/#website"},"datePublished":"2023-01-04T14:07:17+00:00","dateModified":"2023-03-15T17:38:38+00:00","breadcrumb":{"@id":"https:\/\/elisabetcarrera.com\/index.php\/herramientas\/#breadcrumb"},"inLanguage":"es","potentialAction":[{"@type":"ReadAction","target":["https:\/\/elisabetcarrera.com\/index.php\/herramientas\/"]}]},{"@type":"BreadcrumbList","@id":"https:\/\/elisabetcarrera.com\/index.php\/herramientas\/#breadcrumb","itemListElement":[{"@type":"ListItem","position":1,"name":"Portada","item":"https:\/\/elisabetcarrera.com\/index.php\/elisabet-carrera-procuradora\/"},{"@type":"ListItem","position":2,"name":"Herramientas"}]},{"@type":"WebSite","@id":"https:\/\/elisabetcarrera.com\/#website","url":"https:\/\/elisabetcarrera.com\/","name":"Elisabet Carrera","description":"Just another WordPress site","potentialAction":[{"@type":"SearchAction","target":{"@type":"EntryPoint","urlTemplate":"https:\/\/elisabetcarrera.com\/?s={search_term_string}"},"query-input":{"@type":"PropertyValueSpecification","valueRequired":true,"valueName":"search_term_string"}}],"inLanguage":"es"}]}},"_links":{"self":[{"href":"https:\/\/elisabetcarrera.com\/index.php\/wp-json\/wp\/v2\/pages\/88","targetHints":{"allow":["GET"]}}],"collection":[{"href":"https:\/\/elisabetcarrera.com\/index.php\/wp-json\/wp\/v2\/pages"}],"about":[{"href":"https:\/\/elisabetcarrera.com\/index.php\/wp-json\/wp\/v2\/types\/page"}],"author":[{"embeddable":true,"href":"https:\/\/elisabetcarrera.com\/index.php\/wp-json\/wp\/v2\/users\/1"}],"replies":[{"embeddable":true,"href":"https:\/\/elisabetcarrera.com\/index.php\/wp-json\/wp\/v2\/comments?post=88"}],"version-history":[{"count":21,"href":"https:\/\/elisabetcarrera.com\/index.php\/wp-json\/wp\/v2\/pages\/88\/revisions"}],"predecessor-version":[{"id":136,"href":"https:\/\/elisabetcarrera.com\/index.php\/wp-json\/wp\/v2\/pages\/88\/revisions\/136"}],"wp:attachment":[{"href":"https:\/\/elisabetcarrera.com\/index.php\/wp-json\/wp\/v2\/media?parent=88"}],"curies":[{"name":"wp","href":"https:\/\/api.w.org\/{rel}","templated":true}]}}